{"id":49,"date":"2016-12-10T00:47:08","date_gmt":"2016-12-09T23:47:08","guid":{"rendered":"http:\/\/gops.nozdrzec.pl\/?page_id=49"},"modified":"2024-01-30T10:22:46","modified_gmt":"2024-01-30T09:22:46","slug":"dokumenty-do-pobrania","status":"publish","type":"page","link":"https:\/\/gops.nozdrzec.pl\/?page_id=49","title":{"rendered":"Dokumenty do pobrania"},"content":{"rendered":"<h4><a href=\"https:\/\/www.gov.pl\/web\/rodzina\/wzory-wnioskow-o-swiadczenia-dla-rodzin-aktualizacja-na-dzien-29052018-r-do-stosowania-takze-na-okres-20182019\">Wzory wniosk\u00f3w o \u015bwiadczenia rodzinne dla rodzin<\/a><\/h4>\n<p><strong><a href=\"https:\/\/gops.nozdrzec.pl\/wp-content\/uploads\/2020\/10\/54741627.pdf\">\u017b\u0104DANIE WYDANIA ZA\u015aWIADCZENIA O WYSOKO\u015aCI PRZECI\u0118TNEGO MIESI\u0118CZNEGO DOCHODU PRZYPADAJ\u0104CEGO NA JEDNEGO CZ\u0141ONKA GOSPODARSTWA DOMOWEGO<\/a><\/strong><\/p>\n<p><strong><a href=\"https:\/\/gops.nozdrzec.pl\/wp-content\/uploads\/2023\/09\/rodocz.pdf\">RODO &#8211; Czyste powietrze<\/a><\/strong><\/p>\n<p>&nbsp;<\/p>\n<p><strong>Wniosek o dodatek os\u0142onowy<\/strong>\u00a0 <a href=\"https:\/\/www.gov.pl\/web\/klimat\/dodatek-oslonowy\">https:\/\/www.gov.pl\/web\/klimat\/dodatek-oslonowy<\/a><\/p>\n<p><a href=\"https:\/\/gops.nozdrzec.pl\/wp-content\/uploads\/2024\/01\/RODO-dodatek-oslonowy-1.docx\">RODO dodatek os\u0142onowy (1)<\/a><\/p>\n<p>&nbsp;<\/p>\n<p><strong><a href=\"https:\/\/gops.nozdrzec.pl\/wp-content\/uploads\/2021\/07\/dozywianie-wniosek-1.pdf\">Do\u017cywianie &#8211; <\/a><a href=\"https:\/\/gops.nozdrzec.pl\/wp-content\/uploads\/2021\/07\/dozywianie-wniosek-1.pdf\">wniosek (1)<\/a><\/strong><\/p>\n<p><strong><a href=\"https:\/\/gops.nozdrzec.pl\/wp-content\/uploads\/2021\/08\/oswiadczenie-dozywianie.pdf\">O\u015bwiadczenie do\u017cywianie<\/a><\/strong><\/p>\n<p><strong><a href=\"https:\/\/gops.nozdrzec.pl\/wp-content\/uploads\/2021\/08\/zaswiadczenie-dozywianie.pdf\">Za\u015bwiadczenie do\u017cywianie<\/a><\/strong><\/p>\n<p>&nbsp;<\/p>\n<p><a href=\"https:\/\/gops.nozdrzec.pl\/wp-content\/uploads\/2022\/10\/Wniosek_o_przyznanie_Karty_Duzej_Rodziny_lub_wydanie_duplikatu.pdf\"><strong>Wniosek_o_przyznanie_Karty_Du\u017cej_Rodziny_lub_wydanie_duplikatu<\/strong><\/a><\/p>\n<p><a href=\"https:\/\/gops.nozdrzec.pl\/wp-content\/uploads\/2022\/10\/Oswiadczenie_dotyczace_wladzy_rodzicielskiej_-_ZKDR-03.pdf\"><strong>O\u015bwiadczenie_dotycz\u0105ce_w\u0142adzy_rodzicielskiej_-_ZKDR-03<\/strong><\/a><\/p>\n<p><strong><a href=\"https:\/\/gops.nozdrzec.pl\/wp-content\/uploads\/2022\/10\/klauzula-RODO.docx\">klauzula RODO<\/a><\/strong><\/p>\n<p><a href=\"https:\/\/gops.nozdrzec.pl\/wp-content\/uploads\/2022\/10\/info-o-znizkach-kdr.docx\"><strong>info o znizkach kdr<\/strong><\/a><\/p>\n<h4><\/h4>\n<p>&nbsp;<\/p>\n<p>&nbsp;<\/p>\n","protected":false},"excerpt":{"rendered":"<p>Wzory wniosk\u00f3w o \u015bwiadczenia rodzinne dla rodzin \u017b\u0104DANIE WYDANIA ZA\u015aWIADCZENIA O WYSOKO\u015aCI PRZECI\u0118TNEGO MIESI\u0118CZNEGO DOCHODU PRZYPADAJ\u0104CEGO NA JEDNEGO CZ\u0141ONKA GOSPODARSTWA DOMOWEGO RODO &#8211; Czyste powietrze&hellip;<\/p>\n","protected":false},"author":1,"featured_media":0,"parent":0,"menu_order":0,"comment_status":"closed","ping_status":"closed","template":"","meta":{"footnotes":""},"class_list":["post-49","page","type-page","status-publish","hentry"],"_links":{"self":[{"href":"https:\/\/gops.nozdrzec.pl\/index.php?rest_route=\/wp\/v2\/pages\/49","targetHints":{"allow":["GET"]}}],"collection":[{"href":"https:\/\/gops.nozdrzec.pl\/index.php?rest_route=\/wp\/v2\/pages"}],"about":[{"href":"https:\/\/gops.nozdrzec.pl\/index.php?rest_route=\/wp\/v2\/types\/page"}],"author":[{"embeddable":true,"href":"https:\/\/gops.nozdrzec.pl\/index.php?rest_route=\/wp\/v2\/users\/1"}],"replies":[{"embeddable":true,"href":"https:\/\/gops.nozdrzec.pl\/index.php?rest_route=%2Fwp%2Fv2%2Fcomments&post=49"}],"version-history":[{"count":39,"href":"https:\/\/gops.nozdrzec.pl\/index.php?rest_route=\/wp\/v2\/pages\/49\/revisions"}],"predecessor-version":[{"id":2079,"href":"https:\/\/gops.nozdrzec.pl\/index.php?rest_route=\/wp\/v2\/pages\/49\/revisions\/2079"}],"wp:attachment":[{"href":"https:\/\/gops.nozdrzec.pl\/index.php?rest_route=%2Fwp%2Fv2%2Fmedia&parent=49"}],"curies":[{"name":"wp","href":"https:\/\/api.w.org\/{rel}","templated":true}]}}