{"id":33,"date":"2016-12-10T00:39:30","date_gmt":"2016-12-09T23:39:30","guid":{"rendered":"http:\/\/gops.nozdrzec.pl\/?page_id=33"},"modified":"2025-02-12T13:24:59","modified_gmt":"2025-02-12T12:24:59","slug":"przemoc-w-rodzinie","status":"publish","type":"page","link":"https:\/\/gops.nozdrzec.pl\/?page_id=33","title":{"rendered":"Przemoc domowa"},"content":{"rendered":"<p><strong>Przemoc<\/strong><\/p>\n<p><strong>Co to jest przemoc domowa?<\/strong><\/p>\n<p>Przemoc domowa to jednorazowe albo powtarzaj\u0105ce si\u0119 umy\u015blne dzia\u0142anie lub zaniechanie, wykorzystuj\u0105ce przewag\u0119 fizyczn\u0105, psychiczn\u0105 lub ekonomiczn\u0105, naruszaj\u0105ce prawa lub dobra osobiste osoby doznaj\u0105cej przemocy domowej, w szczeg\u00f3lno\u015bci:<\/p>\n<ul>\n<li>nara\u017caj\u0105ce t\u0119 osob\u0119 na niebezpiecze\u0144stwo utraty \u017cycia, zdrowia lub mienia;<\/li>\n<li>naruszaj\u0105ce jej godno\u015b\u0107, nietykalno\u015b\u0107 cielesn\u0105 lub wolno\u015b\u0107, w tym seksualn\u0105;<\/li>\n<li>powoduj\u0105ce szkody na jej zdrowiu fizycznym lub psychicznym, wywo\u0142uj\u0105ce u tej osoby cierpienie lub krzywd\u0119;<\/li>\n<li>ograniczaj\u0105ce lub pozbawiaj\u0105ce t\u0119 osob\u0119 dost\u0119pu do \u015brodk\u00f3w finansowych, mo\u017cliwo\u015bci podj\u0119cia pracy lub uzyskania samodzielno\u015bci finansowej;<\/li>\n<li>istotnie naruszaj\u0105ce prywatno\u015b\u0107 tej osoby lub wzbudzaj\u0105ce u niej poczucie zagro\u017cenia, poni\u017cenia lub udr\u0119czenia, w tym podejmowane za pomoc\u0105 \u015brodk\u00f3w komunikacji elektronicznej.<\/li>\n<\/ul>\n<p><strong>Najcz\u0119stsze formy przemocy domowej to:<\/strong><\/p>\n<p><strong>Przemoc fizyczna:<\/strong><\/p>\n<ul>\n<li>bicie, szarpanie, kopanie, duszenie, popychanie, obezw\u0142adnianie i inne itp.<\/li>\n<\/ul>\n<p><strong>Przemoc psychiczna:<\/strong><\/p>\n<ul>\n<li>izolowanie, wyzywanie, o\u015bmieszanie, gro\u017cenie, krytykowania, poni\u017canie i inne<\/li>\n<\/ul>\n<p><strong>Przemoc seksualna:<\/strong><\/p>\n<ul>\n<li>zmuszanie do obcowania p\u0142ciowego, innych czynno\u015bci seksualnych i inne<\/li>\n<\/ul>\n<p><strong>Przemoc ekonomiczna:<\/strong><\/p>\n<ul>\n<li>nie\u0142o\u017cenie na utrzymanie os\u00f3b, wobec kt\u00f3rych istnieje taki obowi\u0105zek, niezaspokajanie potrzeb materialnych, niszczenie rzezy osobistych, demolowanie mieszkania, wynoszenie sprz\u0119t\u00f3w domowych oraz ich sprzedawanie i inne<\/li>\n<\/ul>\n<p><strong>Przemoc za pomoc\u0105 \u015brodk\u00f3w komunikacji elektronicznej:<\/strong><\/p>\n<ul>\n<li>wyzywanie, straszenie, poni\u017canie osoby w Internecie lub przy u\u017cyciu telefonu, robienie jej zdj\u0119cia lub rejestrowanie film\u00f3w bez jej zgody, publikowanie w Internecie lub rozsy\u0142anie telefonem zdj\u0119\u0107, film\u00f3w lub tekst\u00f3w, kt\u00f3re j\u0105 obra\u017caj\u0105 lub o\u015bmieszaj\u0105 i inne<\/li>\n<\/ul>\n<p><strong>Procedura \u201eNiebieskie Karty\u201d<\/strong><\/p>\n<p>Gminny O\u015brodek Pomocy Spo\u0142ecznej w Nozdrzcu\u00a0realizuje procedur\u0119 \u201eNiebieskie Karty\u201d\u00a0w oparciu o ustaw\u0119 z dnia 29 lipca 2005 roku o przeciwdzia\u0142aniu przemocy domowej oraz rozporz\u0105dzenie Rady Ministr\u00f3w z dnia 6 wrze\u015bnia 2023 roku w sprawie procedury \u201eNiebieskie Karty\u201d oraz wzor\u00f3w formularzy \u201eNiebieska Karta\u201d.<\/p>\n<p>Osoby dotkni\u0119te przemoc\u0105 domow\u0105 oraz \u015bwiadkowie przemocy mog\u0105 zg\u0142osi\u0107 ten fakt podmiotom, kt\u00f3re s\u0105 ustawowo uprawnione do wszcz\u0119cia procedury \u201eNiebieskie Karty\u201d. Procedur\u0119 &#8220;NK&#8221; wszczynaj\u0105 przedstawiciele:<\/p>\n<ul>\n<li>policji<\/li>\n<li>pomocy spo\u0142ecznej (pracownik socjalny, asystent rodziny)<\/li>\n<li>o\u015bwiaty<\/li>\n<li>ochrony zdrowia (lekarz, piel\u0119gniarka, po\u0142o\u017cna, ratownik medyczny, terapeuta uzale\u017cnie\u0144)<\/li>\n<li>Gminnych Komisji Rozwi\u0105zywania Problem\u00f3w Alkoholowych<\/li>\n<li>\u017candarmerii wojskowej<\/li>\n<li>pedagog, psycholog lub terapeuta b\u0119d\u0105cy przedstawicielami\u00a0pomocy spo\u0142ecznej, Policji, GKRPA, O\u015bwiaty, ochrony zdrowia, organizacji porz\u0105dkowych<\/li>\n<\/ul>\n<p><strong>Przemoc to nie to samo co konflikt<\/strong><\/p>\n<p>To co odr\u00f3\u017cnia przemoc od konfliktu, to przewaga si\u0142 jednej ze stron.<br \/>\nW przemocy jest ona zawsze po stronie sprawcy, w przypadku konfliktu &#8211; zr\u00f3wnowa\u017cona. Konflikt nie musi by\u0107 przemoc\u0105. Je\u017celi w trakcie k\u0142\u00f3tni nie s\u0105 naruszane dobra osobiste \u017cadnej ze stron konfliktu, nie jest zadawana krzywda drugiej osobie, ani dzia\u0142ania wynikaj\u0105ce z nieporozumienia nie powoduj\u0105 cierpienia to jest to konflikt. W przeciwnym razie jest to przemoc.<\/p>\n<p><strong>MO\u017bESZ ZMIENI\u0106 SWOJE \u017bYCIE, ZACZYNAJ\u0104C OD:<\/strong><\/p>\n<ul>\n<li>rozmowy z zaufan\u0105 osob\u0105. Powiedz o tym przyjacielowi, rodzinie, s\u0105siadom, pracownikowi o\u015brodka pomocy spo\u0142ecznej, piel\u0119gniarce, lekarzowi, dzielnicowemu,<\/li>\n<li>wiary \u017ce masz w sobie si\u0142\u0119, by dokona\u0107 zmiany w swoim \u017cyciu, zadzwo\u0144 w sytuacji zagro\u017cenia zdrowia i \u017cycia.<\/li>\n<li>nie usprawiedliwiania sprawcy przemocy. Nikt nie ma prawa bi\u0107, poni\u017ca\u0107 i krzywdzi\u0107 drugiego cz\u0142owieka w \u017caden spos\u00f3b. Przemoc jest przest\u0119pstwem, za kt\u00f3re odpowiedzialno\u015b\u0107 ponosi sprawca.<\/li>\n<li>bycie w gotowo\u015bci do opuszczenia domu (ucieczki). W razie potrzeby, spakuj najpotrzebniejsze rzeczy swoje i dzieci w tym: dow\u00f3d osobisty, prawo jazdy, paszport, legitymacje ubezpieczeniow\u0105, telefon kom\u00f3rkowy, lekarstwa, pieni\u0105dze, ubrania, inne rzeczy dla dzieci.<\/li>\n<li>sporz\u0105dzenie tzw.\u00a0<em>\u201eNiebieskiej Karty\u201d\u00a0<\/em>przez odpowiednie s\u0142u\u017cby<\/li>\n<li>zg\u0142o\u015b si\u0119 do instytucji np.\u00a0<em>O\u015brodka Interwencji Kryzysowej\u00a0<\/em>zapewni Tobie i Twojej rodzinie, bezp\u0142atne schronienie, gdy jeste\u015b osob\u0105 do\u015bwiadczaj\u0105c\u0105 przemocy domowej, udziel\u0105 Ci pomocy psychologicznej, prawnej, socjalnej. Specjali\u015bci opracowuj\u0105 indywidualny plan pomocy maj\u0105cy na celu przezwyci\u0119\u017cenie sytuacji kryzysowej.<\/li>\n<li>zg\u0142o\u015b si\u0119 do Gminnego O\u015brodka Pomocy Spo\u0142ecznej w Nozdrzcu gdzie mo\u017cesz otrzyma\u0107 wsparcie socjalne oraz materialne na zabezpieczenie podstawowych potrzeb<\/li>\n<li>w razie doznania obra\u017ce\u0144 cia\u0142a zg\u0142o\u015b si\u0119 niezw\u0142ocznie\u00a0<em>do lekarza\u00a0<\/em>po pomoc medyczn\u0105.<\/li>\n<li><em>Prokuratura, Policja\u00a0<\/em>\u2013 mo\u017cesz tam z\u0142o\u017cy\u0107 zawiadomienie o przest\u0119pstwie zn\u0119cania si\u0119, pope\u0142nionym na Twoj\u0105 szkod\u0119 lub na szkod\u0119 Twoich bliskich.<\/li>\n<li><em>Gminna Komisja Rozwi\u0105zywania Problem\u00f3w Alkoholowych<\/em>\u2013 mo\u017cesz zwr\u00f3ci\u0107 si\u0119 do Komisji z wnioskiem skierowanie sprawcy przemocy na leczenie odwykowe lub uzyska\u0107 pomoc zwi\u0105zan\u0105 z nadu\u017cywaniem przez niego alkoholu.<\/li>\n<\/ul>\n<p><strong>\u00a0<\/strong><strong>PROCEDURA INTERWENCJI S\u0141U\u017bB W SPRAWACH PRZEMOCY DOMOWEJ &#8211; \u201eNIEBIESKA KARTA\u201d<\/strong><\/p>\n<p>Wszcz\u0119cie procedury &#8220;Niebieskie Karty&#8221; nast\u0119puje przez wype\u0142nienie formularza &#8220;Niebieska Karta &#8211; A&#8221; w przypadku powzi\u0119cia w toku prowadzonych czynno\u015bci s\u0142u\u017cbowych lub zawodowych podejrzenia stosowania przemocy wobec os\u00f3b doznaj\u0105cych przemocy domowej lub w wyniku zg\u0142oszenia dokonanego przez \u015bwiadka przemocy domowej.<\/p>\n<p>Nast\u0119pnie przekazuje si\u0119 formularz \u201eNiebieska Karta &#8211; B\u201d, kt\u00f3ry zawiera pouczenie dla os\u00f3b dotkni\u0119tych przemoc\u0105 w rodzinie, przekazuje si\u0119 osobie, co do kt\u00f3rej istnieje podejrzenie, \u017ce jest dotkni\u0119ta przemoc\u0105.<\/p>\n<p><strong>Uruchomienie procedury mo\u017ce nast\u0105pi\u0107 w r\u00f3\u017cnych okoliczno\u015bciach np.<\/strong><\/p>\n<ul>\n<li>podczas interwencji policji w rodzinie,<\/li>\n<li>podczas badania lekarskiego osoby dotkni\u0119tej przemoc\u0105 domowej,<\/li>\n<li>w trakcie kontaktu przedstawiciela danej s\u0142u\u017cby (np. szko\u0142y, s\u0142u\u017cby zdrowia, pomocy spo\u0142ecznej itp.) upowa\u017cnionej do wszcz\u0119cia procedury, z osob\u0105, kt\u00f3ra dozna\u0142a przemocy. Nawet je\u015bli nie ma dowod\u00f3w wprost \u015bwiadcz\u0105cych o wyst\u0119powaniu przemocy \u2013 ale s\u0105 podejrzenia, \u017ce osoba mo\u017ce jej doznawa\u0107 \u2013 nale\u017cy wszcz\u0105\u0107 procedur\u0119, a grupa diagnostyczno-pomocowa rozstrzygnie o zasadno\u015bci prowadzenia dalszych dzia\u0142a\u0144,<\/li>\n<li>na pro\u015bb\u0119 osoby doznaj\u0105cej przemocy domowej,<\/li>\n<li>je\u015bli \u015bwiadek przemocy domowej zg\u0142asza jednej z instytucji sytuacj\u0119 przemocy. W\u00f3wczas z osob\u0105 doznaj\u0105ca przemocy kontaktuje si\u0119 dzielnicowy lub przedstawiciel pomocy spo\u0142ecznej, kt\u00f3ry podczas rozmowy mo\u017ce uruchomi\u0107 procedur\u0119 \u201eNiebieskie Karty\u201d wype\u0142niaj\u0105c formularz \u201eA\u201d.<\/li>\n<\/ul>\n<p><strong>Uruchomienie procedury interwencyjnej \u201eNiebieska Karta\u201d ma na celu zatrzymanie przemocy domowej, natychmiastowe zabezpieczenie interesu osoby doznaj\u0105cej przemocy oraz prowadzenie monitoringu sytuacji rodzin, kt\u00f3rych dotyczy &#8220;NK&#8221;.<\/strong><\/p>\n<p>Zesp\u00f3\u0142 Interdyscyplinarny<\/p>\n<p><strong>Zesp\u00f3\u0142 Interdyscyplinarny<\/strong>\u00a0&#8211; zadaniem zespo\u0142u jest tworzenie warunk\u00f3w umo\u017cliwiaj\u0105cych realizacj\u0119 zada\u0144 z zakresu przeciwdzia\u0142ania przemocy domowej oraz integrowanie i koordynowanie dzia\u0142a\u0144 podmiot\u00f3w, o kt\u00f3rych mowa w art. 9a ust. 3-5 ustawy o przeciwdzia\u0142aniu przemocy domowej, w szczeg\u00f3lno\u015bci przez:<\/p>\n<ul>\n<li>diagnozowanie problemu przemocy domowej na poziomie lokalnym;<\/li>\n<li>inicjowanie dzia\u0142a\u0144 profilaktycznych, edukacyjnych i informacyjnych maj\u0105cych na celu przeciwdzia\u0142anie przemocy domowej i powierzanie ich wykonania w\u0142a\u015bciwym podmiotom;<\/li>\n<li>inicjowanie dzia\u0142a\u0144 w stosunku do os\u00f3b doznaj\u0105cych przemocy domowej oraz os\u00f3b stosuj\u0105cych przemoc domow\u0105;<\/li>\n<li>opracowanie projektu gminnego programu przeciwdzia\u0142ania przemocy domowej oraz ochrony os\u00f3b doznaj\u0105cych przemocy domowej;<\/li>\n<li>rozpowszechnianie informacji o instytucjach, osobach i mo\u017cliwo\u015bciach udzielenia pomocy w \u015brodowisku lokalnym;<\/li>\n<li>powo\u0142ywanie grup diagnostyczno-pomocowych i bie\u017c\u0105ce monitorowanie realizowanych przez nie zada\u0144;<\/li>\n<li>kierowanie osoby stosuj\u0105cej przemoc domow\u0105 do uczestnictwa w programie korekcyjno-edukacyjnym dla os\u00f3b stosuj\u0105cych przemoc domow\u0105 lub programie psychologiczno-terapeutycznym dla os\u00f3b stosuj\u0105cych przemoc domow\u0105.<\/li>\n<\/ul>\n<p>Zesp\u00f3\u0142 Interdyscyplinarny powo\u0142uje grupy diagnostyczno-pomocowe w celu rozwi\u0105zywania problem\u00f3w zwi\u0105zanych z przemoc\u0105 domow\u0105 w indywidualnych przypadkach. W sk\u0142ad grupy diagnostyczno-pomocowych wchodzi pracownik socjalny jednostki organizacyjnej pomocy spo\u0142ecznej i dzielnicowy. W sprawach \u017co\u0142nierzy pe\u0142ni\u0105cych czynn\u0105 s\u0142u\u017cb\u0119 wojskow\u0105 stosuj\u0105cych przemoc domow\u0105 w sk\u0142ad grupy diagnostyczno-pomocowej wchodzi tak\u017ce \u017co\u0142nierz \u017bandarmerii Wojskowej. W sk\u0142ad grupy diagnostyczno-pomocowej mog\u0105 tak\u017ce wchodzi\u0107 pracownik socjalny specjalistycznego o\u015brodka wsparcia dla os\u00f3b doznaj\u0105cych przemocy domowej, asystent rodziny, nauczyciel wychowawca b\u0119d\u0105cy wychowawc\u0105 klasy lub nauczyciel znaj\u0105cy sytuacj\u0119 domow\u0105 ma\u0142oletniego, osoby wykonuj\u0105ce zaw\u00f3d medyczny, w tym lekarz, piel\u0119gniarka, po\u0142o\u017cna lub ratownik medyczny, przedstawiciel gminnej komisji rozwi\u0105zywania problem\u00f3w alkoholowych.<\/p>\n<p>Podejmowanie interwencji w \u015brodowisku odbywa si\u0119 na podstawie procedury &#8220;Niebieskie Karty&#8221; i nie wymaga zgody osoby doznaj\u0105cej przemocy domowej ani osoby stosuj\u0105cej przemoc domow\u0105.<\/p>\n<p>&nbsp;<\/p>\n","protected":false},"excerpt":{"rendered":"<p>Przemoc Co to jest przemoc domowa? Przemoc domowa to jednorazowe albo powtarzaj\u0105ce si\u0119 umy\u015blne dzia\u0142anie lub zaniechanie, wykorzystuj\u0105ce przewag\u0119 fizyczn\u0105, psychiczn\u0105 lub ekonomiczn\u0105, naruszaj\u0105ce prawa&hellip;<\/p>\n","protected":false},"author":1,"featured_media":0,"parent":0,"menu_order":0,"comment_status":"closed","ping_status":"closed","template":"","meta":{"footnotes":""},"class_list":["post-33","page","type-page","status-publish","hentry"],"_links":{"self":[{"href":"https:\/\/gops.nozdrzec.pl\/index.php?rest_route=\/wp\/v2\/pages\/33","targetHints":{"allow":["GET"]}}],"collection":[{"href":"https:\/\/gops.nozdrzec.pl\/index.php?rest_route=\/wp\/v2\/pages"}],"about":[{"href":"https:\/\/gops.nozdrzec.pl\/index.php?rest_route=\/wp\/v2\/types\/page"}],"author":[{"embeddable":true,"href":"https:\/\/gops.nozdrzec.pl\/index.php?rest_route=\/wp\/v2\/users\/1"}],"replies":[{"embeddable":true,"href":"https:\/\/gops.nozdrzec.pl\/index.php?rest_route=%2Fwp%2Fv2%2Fcomments&post=33"}],"version-history":[{"count":9,"href":"https:\/\/gops.nozdrzec.pl\/index.php?rest_route=\/wp\/v2\/pages\/33\/revisions"}],"predecessor-version":[{"id":2396,"href":"https:\/\/gops.nozdrzec.pl\/index.php?rest_route=\/wp\/v2\/pages\/33\/revisions\/2396"}],"wp:attachment":[{"href":"https:\/\/gops.nozdrzec.pl\/index.php?rest_route=%2Fwp%2Fv2%2Fmedia&parent=33"}],"curies":[{"name":"wp","href":"https:\/\/api.w.org\/{rel}","templated":true}]}}