{"id":13,"date":"2016-12-09T21:55:42","date_gmt":"2016-12-09T20:55:42","guid":{"rendered":"http:\/\/gops.nozdrzec.pl\/?page_id=13"},"modified":"2020-01-21T09:03:24","modified_gmt":"2020-01-21T08:03:24","slug":"pomoc-spoleczna","status":"publish","type":"page","link":"https:\/\/gops.nozdrzec.pl\/?page_id=13","title":{"rendered":"Pomoc spo\u0142eczna"},"content":{"rendered":"<p><strong>Do g\u0142\u00f3wnych zada\u0144 realizowanych przez o\u015brodek pomocy spo\u0142ecznej nale\u017cy:<\/strong><\/p>\n<p>? przyznawanie i wyp\u0142ata zasi\u0142k\u00f3w sta\u0142ych<\/p>\n<p>? przyznawanie i wyp\u0142acanie zasi\u0142k\u00f3w okresowych<\/p>\n<p>? op\u0142acanie sk\u0142adek na ubezpieczenie zdrowotne okre\u015blonych w przepisach o powszechnym ubezpieczeniu zdrowotnym<\/p>\n<p>? przyznawanie i wyp\u0142ata zasi\u0142k\u00f3w celowych na pokrycie wydatk\u00f3w powsta\u0142ych w wyniku kl\u0119ski \u017cywio\u0142owej lub ekologicznej<\/p>\n<p>? przyznawanie i wyp\u0142ata zasi\u0142k\u00f3w celowych i specjalnych celowych<\/p>\n<p>? przyznawanie zasi\u0142k\u00f3w celowych w formie biletu kredytowanego oraz wykonywanie innych zada\u0144 wynikaj\u0105cych z rz\u0105dowych program\u00f3w pomocy spo\u0142ecznej, maj\u0105cych na celu ochron\u0119 poziomu \u017cycia os\u00f3b i rodzin<\/p>\n<p>? przyznawanie pomocy rzeczowej w naturze na ekonomiczne usamodzielnienie si\u0119 oraz przyznawanie i wyp\u0142ata zasi\u0142k\u00f3w i po\u017cyczek na ekonomiczne usamodzielnienie si\u0119<\/p>\n<p>? wykonywanie innych zada\u0144 z zakresu pomocy spo\u0142ecznej, wynikaj\u0105cych z rozeznanych potrzeb gminy<\/p>\n<p>? wyst\u0119powanie do gminy o udzielenie schronienia, posi\u0142ku i niezb\u0119dnego ubrania osobom tego pozbawionym<\/p>\n<p>? \u015bwiadczenie us\u0142ug opieku\u0144czych w tym specjalistycznych w miejscu zamieszkania<\/p>\n<p>? praca socjalna<\/p>\n<p>? udzielanie zasi\u0142ku celowego na pokrycie wydatk\u00f3w powsta\u0142ych w wyniku zdarzenia losowego<\/p>\n<p>? udzielanie zasi\u0142ku celowego na pokrycie wydatk\u00f3w na \u015bwiadczenia zdrowotne os\u00f3b bezdomnych i innych nie maj\u0105cych dochodu i mo\u017cliwo\u015bci ubezpieczenia si\u0119 na podstawie przepis\u00f3w o powszechnym ubezpieczeniu zdrowotnym<\/p>\n<p>-sprawianie pogrzeb\u00f3w<\/p>\n<p>&nbsp;<\/p>\n<p>O\u015brodek zajmuje si\u0119 r\u00f3wnie\u017c zadaniami wynikaj\u0105cymi z ustawy o \u015bwiadczeniach rodzinnych oraz realizuje przepisy ustawy o post\u0119powaniu wobec d\u0142u\u017cnik\u00f3w alimentacyjnych.<\/p>\n<ul>\n<li>Zasi\u0142ek sta\u0142y przys\u0142uguje:<\/li>\n<li>a) pe\u0142noletniej osobie samotnie gospodaruj\u0105cej, niezdolnej do pracy z powodu wieku lub ca\u0142kowicie niezdolnej do pracy, je\u017celi jej doch\u00f3d jest ni\u017cszy od kryterium dochodowego osoby samotnie gospodaruj\u0105cej;<\/li>\n<li>b) pe\u0142noletniej osobie pozostaj\u0105cej w rodzinie, niezdolnej do pracy z powodu wieku lub ca\u0142kowicie niezdolnej do pracy, je\u017celi jej doch\u00f3d, jak r\u00f3wnie\u017c doch\u00f3d na osob\u0119 w rodzinie s\u0105 ni\u017csze od kryterium dochodowego na osob\u0119 w rodzinie.<\/li>\n<li>Zasi\u0142ek sta\u0142y ustala si\u0119 w wysoko\u015bci:<\/li>\n<li>a) w przypadku osoby samotnie gospodaruj\u0105cej &#8211; r\u00f3\u017cnicy mi\u0119dzy kryterium dochodowym osoby samotnie gospodaruj\u0105cej a dochodem tej osoby, z tym \u017ce kwota zasi\u0142ku nie mo\u017ce by\u0107 wy\u017csza ni\u017c 645 z\u0142 miesi\u0119cznie;<\/li>\n<li>b) w przypadku osoby w rodzinie &#8211; r\u00f3\u017cnicy mi\u0119dzy kryterium dochodowym na osob\u0119 w rodzinie a dochodem na osob\u0119 w rodzinie.<\/li>\n<li>Kwota zasi\u0142ku sta\u0142ego nie mo\u017ce by\u0107 ni\u017csza ni\u017c 30 z\u0142 miesi\u0119cznie.<\/li>\n<li>W przypadku zbiegu uprawnie\u0144 do zasi\u0142ku sta\u0142ego i renty socjalnej, \u015bwiadczenia piel\u0119gnacyjnego, specjalnego zasi\u0142ku opieku\u0144czego, dodatku z tytu\u0142u samotnego wychowywania dziecka i utraty prawa do zasi\u0142ku dla bezrobotnych na skutek up\u0142ywu ustawowego okresu jego pobierania lub zasi\u0142ku dla opiekuna, zasi\u0142ek sta\u0142y nie przys\u0142uguje.<\/li>\n<li>Osob\u0119 przebywaj\u0105c\u0105 w domu pomocy spo\u0142ecznej lub ubiegaj\u0105c\u0105 si\u0119 o przyj\u0119cie do niego uznaje si\u0119 za osob\u0119 samotnie gospodaruj\u0105c\u0105, je\u017celi przed przyj\u0119ciem do domu pomocy spo\u0142ecznej lub rozpocz\u0119ciem oczekiwania na miejsce w takim domu by\u0142a uprawniona do zasi\u0142ku sta\u0142ego.<\/li>\n<li>Przy ustalaniu uprawnienia oraz wysoko\u015bci zasi\u0142ku sta\u0142ego do dochodu nie wlicza si\u0119 kwoty zasi\u0142ku okresowego.<\/li>\n<\/ul>\n<p>Zasi\u0142ek okresowy<\/p>\n<ul>\n<li>Zasi\u0142ek okresowy przys\u0142uguje w szczeg\u00f3lno\u015bci ze wzgl\u0119du na d\u0142ugotrwa\u0142\u0105 chorob\u0119, niepe\u0142nosprawno\u015b\u0107, bezrobocie, mo\u017cliwo\u015b\u0107 utrzymania lub nabycia uprawnie\u0144 do \u015bwiadcze\u0144 z innych system\u00f3w zabezpieczenia spo\u0142ecznego:<br \/>\na) osobie samotnie gospodaruj\u0105cej, kt\u00f3rej doch\u00f3d jest ni\u017cszy od kryterium dochodowego osoby samotnie gospodaruj\u0105cej; b) rodzinie, kt\u00f3rej doch\u00f3d jest ni\u017cszy od kryterium dochodowego rodziny.<\/li>\n<li>Zasi\u0142ek okresowy ustala si\u0119:<br \/>\na) w przypadku osoby samotnie gospodaruj\u0105cej &#8211; do wysoko\u015bci r\u00f3\u017cnicy mi\u0119dzy kryterium dochodowym osoby samotnie gospodaruj\u0105cej a dochodem tej osoby, z tym \u017ce kwota zasi\u0142ku nie mo\u017ce by\u0107 wy\u017csza ni\u017c 418 z\u0142 miesi\u0119cznie;<br \/>\nb) w przypadku rodziny &#8211; do wysoko\u015bci r\u00f3\u017cnicy mi\u0119dzy kryterium dochodowym rodziny a dochodem tej rodziny.<\/li>\n<li>Kwota zasi\u0142ku okresowego nie mo\u017ce by\u0107 ni\u017csza ni\u017c 50 % r\u00f3\u017cnicy mi\u0119dzy:<br \/>\na) kryterium dochodowym osoby samotnie gospodaruj\u0105cej a dochodem tej osoby;<br \/>\nb) kryterium dochodowym rodziny a dochodem tej rodziny.<\/li>\n<li>Kwota zasi\u0142ku okresowego nie mo\u017ce by\u0107 ni\u017csza ni\u017c 20 z\u0142 miesi\u0119cznie.<\/li>\n<li>Okres, na jaki jest przyznawany zasi\u0142ek okresowy, ustala o\u015brodek pomocy spo\u0142ecznej na podstawie okoliczno\u015bci sprawy.<\/li>\n<\/ul>\n<p>Zasi\u0142ek celowy<\/p>\n<p>W celu zaspokojenia niezb\u0119dnej potrzeby bytowej mo\u017ce by\u0107 przyznany zasi\u0142ek celowy.<\/p>\n<p>Zasi\u0142ek celowy mo\u017ce by\u0107 przyznany w szczeg\u00f3lno\u015bci na pokrycie cz\u0119\u015bci lub ca\u0142o\u015bci koszt\u00f3w zakupu \u017cywno\u015bci, lek\u00f3w i leczenia, opa\u0142u, odzie\u017cy, niezb\u0119dnych przedmiot\u00f3w u\u017cytku domowego, drobnych remont\u00f3w i napraw w mieszkaniu, a tak\u017ce koszt\u00f3w pogrzebu.<\/p>\n<p>Osobom bezdomnym i innym osobom niemaj\u0105cym dochodu oraz mo\u017cliwo\u015bci uzyskania \u015bwiadcze\u0144 na podstawie przepis\u00f3w o \u015bwiadczeniach opieki zdrowotnej finansowanych ze \u015brodk\u00f3w publicznych mo\u017ce by\u0107 przyznany zasi\u0142ek celowy na pokrycie cz\u0119\u015bci lub ca\u0142o\u015bci wydatk\u00f3w na \u015bwiadczenia zdrowotne.<\/p>\n<p>Zasi\u0142ek celowy mo\u017ce by\u0107 przyznany r\u00f3wnie\u017c osobie albo rodzinie, kt\u00f3re ponios\u0142y straty w wyniku zdarzenia losowego.<\/p>\n<p>Zasi\u0142ek celowy mo\u017ce by\u0107 przyznany tak\u017ce osobie albo rodzinie, kt\u00f3re ponios\u0142y straty w wyniku kl\u0119ski \u017cywio\u0142owej lub ekologicznej.<\/p>\n<p>W szczeg\u00f3lnie uzasadnionych przypadkach osobie albo rodzinie o dochodach przekraczaj\u0105cych kryterium dochodowe mo\u017ce by\u0107 przyznany:<\/p>\n<ul>\n<li>specjalny zasi\u0142ek celowy w wysoko\u015bci nieprzekraczaj\u0105cej odpowiednio kryterium dochodowego osoby samotnie gospodaruj\u0105cej lub rodziny, kt\u00f3ry nie podlega zwrotowi;<\/li>\n<li>zasi\u0142ek okresowy, zasi\u0142ek celowy lub pomoc rzeczowa, pod warunkiem zwrotu cz\u0119\u015bci lub ca\u0142o\u015bci kwoty zasi\u0142ku lub wydatk\u00f3w na pomoc rzeczow\u0105.<\/li>\n<\/ul>\n<p>Pomoc w zakresie do\u017cywiania<\/p>\n<p>Gminny O\u015brodek Pomocy Spo\u0142ecznej w Nozdrzcu realizuje zadania w\u0142asne gminy o charakterze obowi\u0105zkowym w zakresie do\u017cywiania dzieci oraz zapewnienia posi\u0142ku osobom jego pozbawionym, ze szczeg\u00f3lnym uwzgl\u0119dnieniem os\u00f3b bezrobotnych, starych, chorych i niepe\u0142nosprawnych.<\/p>\n<p>Wsparciem dla gminy w tym zakresie jest uchwa\u0142a Rady Ministr\u00f3w z dnia 15 pa\u017adziernika 2018 r. w sprawie ustanowienia wieloletniego rz\u0105dowego programu &#8220;Posi\u0142ek w szkole i w domu&#8221; na lata 2019-2023, przygotowanego przez Ministerstwo Rodziny, Pracy i Polityki Spo\u0142ecznej.<\/p>\n<p>Program wspiera finansowo gminy w udzieleniu pomocy w formie posi\u0142ku, \u015bwiadczenia pieni\u0119\u017cnego w postaci zasi\u0142ku celowego na zakup posi\u0142ku lub \u017cywno\u015bci oraz \u015bwiadczenia rzeczowego w postaci produkt\u00f3w \u017cywno\u015bciowych. Pomoc taka trafia do dzieci i m\u0142odzie\u017cy oraz os\u00f3b doros\u0142ych ? spe\u0142niaj\u0105cych warunki otrzymania pomocy wskazane w ustawie o pomocy spo\u0142ecznej oraz kryterium dochodowe, tj. 150 proc. kryterium dochodowego uprawniaj\u0105cego do \u015bwiadcze\u0144 z pomocy spo\u0142ecznej. Istotnym elementem programu jest zapewnienie m\u0142odzie\u017cy w wieku szkolnym gor\u0105cego posi\u0142ku przygotowanego w sto\u0142\u00f3wce szkolnej.<\/p>\n<p>Wysoko\u015b\u0107 kryterium dochodowego uprawniaj\u0105cego do otrzymania powy\u017cszej pomocy wynosi:<\/p>\n<ul>\n<li>w przypadku osoby samotnie gospodaruj\u0105cej doch\u00f3d nie mo\u017ce przekroczy\u0107 150 % kryterium dochodowego, okre\u015blonego w\u00a0ustawie o\u00a0pomocy spo\u0142ecznej, tj. 1051,50 z\u0142.<\/li>\n<li>w przypadku rodziny &#8211; doch\u00f3d na osob\u0119 w\u00a0rodzinie nie mo\u017ce przekroczy\u0107 150 % kryterium dochodowego, okre\u015blonego w\u00a0ustawie o\u00a0pomocy spo\u0142ecznej, tj. 792 z\u0142.<\/li>\n<\/ul>\n<p>Sk\u0142adki na ubezpieczenie spo\u0142eczne<\/p>\n<ul>\n<li>Za osob\u0119, kt\u00f3ra zrezygnuje z zatrudnienia w zwi\u0105zku z konieczno\u015bci\u0105 sprawowania bezpo\u015bredniej, osobistej opieki nad d\u0142ugotrwale lub ci\u0119\u017cko chorym cz\u0142onkiem rodziny oraz wsp\u00f3lnie niezamieszkuj\u0105cymi matk\u0105, ojcem lub rodze\u0144stwem, o\u015brodek pomocy spo\u0142ecznej op\u0142aca sk\u0142adk\u0119 na ubezpieczenia emerytalne i rentowe od kwoty kryterium dochodowego na osob\u0119 w rodzinie, je\u017celi doch\u00f3d na osob\u0119 w rodzinie osoby opiekuj\u0105cej si\u0119 nie przekracza 150% kwoty kryterium dochodowego na osob\u0119 w rodzinie i osoba opiekuj\u0105ca si\u0119 nie podlega obowi\u0105zkowo ubezpieczeniom emerytalnemu i rentowym z innych tytu\u0142\u00f3w lub nie otrzymuje emerytury albo renty. Dotyczy to r\u00f3wnie\u017c os\u00f3b, kt\u00f3re w zwi\u0105zku z konieczno\u015bci\u0105 sprawowania opieki pozostaj\u0105 na bezp\u0142atnym urlopie.<\/li>\n<li>Przez ojca i matk\u0119, nale\u017cy rozumie\u0107 r\u00f3wnie\u017c ojca i matk\u0119 wsp\u00f3\u0142ma\u0142\u017conka.<\/li>\n<li>Konieczno\u015b\u0107 sprawowania bezpo\u015bredniej, osobistej opieki nad osobami, stwierdza lekarz ubezpieczenia zdrowotnego w za\u015bwiadczeniu wydanym nie wcze\u015bniej ni\u017c na 14 dni przed z\u0142o\u017ceniem wniosku o przyznanie \u015bwiadczenia.<\/li>\n<li>Sk\u0142adka na ubezpieczenia emerytalne i rentowe w wysoko\u015bci okre\u015blonej przepisami o systemie ubezpiecze\u0144 spo\u0142ecznych jest op\u0142acana przez okres sprawowania opieki, nie d\u0142u\u017cej jednak ni\u017c przez okres niezb\u0119dny do uzyskania okresu ubezpieczenia (sk\u0142adkowego i niesk\u0142adkowego) wynosz\u0105cego 20 lat dla kobiet i 25 lat dla m\u0119\u017cczyzn.<\/li>\n<li>Sk\u0142adka na ubezpieczenia emerytalne i rentowe nie przys\u0142uguje osobie, kt\u00f3ra w dniu z\u0142o\u017cenia wniosku o przyznanie \u015bwiadczenia:<br \/>\na) uko\u0144czy\u0142a 50 lat i nie posiada okresu ubezpieczenia (sk\u0142adkowego i niesk\u0142adkowego) wynosz\u0105cego co najmniej 10 lat;<br \/>\nb) posiada okres ubezpieczenia (sk\u0142adkowy i niesk\u0142adkowy) wynosz\u0105cy 20 lat w przypadku kobiet i 25 lat w przypadku m\u0119\u017cczyzn.<\/li>\n<li>Przy ustalaniu okresu ubezpieczenia, dla tych os\u00f3b okresy niesk\u0142adkowe ustala si\u0119 w wymiarze nieprzekraczaj\u0105cym jednej trzeciej udowodnionych okres\u00f3w sk\u0142adkowych.<\/li>\n<\/ul>\n<p><strong>Zasady udzielania \u015bwiadcze\u0144 z pomocy spo\u0142ecznej<\/strong><\/p>\n<p>Prawo do \u015bwiadcze\u0144 pomocy spo\u0142ecznej przys\u0142uguje osobom posiadaj\u0105cym obywatelstwo polskie, zamieszkuj\u0105cym i przebywaj\u0105cym na terytorium Rzeczypospolitej Polskiej oraz cudzoziemcom, zamieszkuj\u0105cym i przebywaj\u0105cym na tym terytorium, posiadaj\u0105cym zezwolenie na pobyt sta\u0142y lub status uchod\u017acy, nadany w Rzeczypospolitej Polskiej oraz obywatelom pa\u0144stw cz\u0142onkowskich Unii Europejskiej lub Europejskiego Obszaru Gospodarczego, przebywaj\u0105cym na terytorium Rzeczypospolitej Polskiej, kt\u00f3rzy uzyskali zezwolenie na pobyt.<\/p>\n<p>Pomocy spo\u0142ecznej udziela si\u0119 osobom i rodzinom, na zasadach okre\u015blonych w ustawie, w szczeg\u00f3lno\u015bci z powodu:<\/p>\n<p>1) ub\u00f3stwa<\/p>\n<p>2) sieroctwa<\/p>\n<p>3) bezdomno\u015bci<\/p>\n<p>4) bezrobocia<\/p>\n<p>5) niepe\u0142nosprawno\u015bci<\/p>\n<p>6) d\u0142ugotrwa\u0142ej lub ci\u0119\u017ckiej choroby<\/p>\n<p>7) przemocy w rodzinie<\/p>\n<p>8) potrzeby ochrony macierzy\u0144stwa lub wielodzietno\u015bci<\/p>\n<p>9) bezradno\u015bci w sprawach opieku\u0144czo-wychowawczych i prowadzenia gospodarstwa domowego, zw\u0142aszcza w rodzinach niepe\u0142nych lub wielodzietnych<\/p>\n<p>10) braku umiej\u0119tno\u015bci w przystosowaniu do \u017cycia m\u0142odzie\u017cy opuszczaj\u0105cej plac\u00f3wki opieku\u0144czo-wychowawcze<\/p>\n<p>11) trudno\u015bci w integracji os\u00f3b, kt\u00f3re otrzyma\u0142y status uchod\u017acy<\/p>\n<p>12) trudno\u015bci w przystosowaniu do \u017cycia po zwolnieniu z zak\u0142adu karnego<\/p>\n<p>13) alkoholizmu lub narkomanii<\/p>\n<p>14) zdarzenia losowego i sytuacji kryzysowej<\/p>\n<p>15) kl\u0119ski \u017cywio\u0142owej lub ekologicznej<\/p>\n<p>Prawo do \u015bwiadcze\u0144 pieni\u0119\u017cnych z pomocy spo\u0142ecznej maj\u0105 osoby i rodziny, kt\u00f3re spe\u0142niaj\u0105 okre\u015blone kryterium dochodowe przy jednoczesnym wyst\u0105pieniu co najmniej jednej z wymienionych wy\u017cej okoliczno\u015bci.<\/p>\n<p>Warto\u015b\u0107 dochodu odpowiadaj\u0105ca dochodowi miesi\u0119cznemu z 1 hektara przeliczeniowego, kt\u00f3ra istotna jest przy ustalaniu uprawnie\u0144 rolnik\u00f3w i ich rodzin do \u015bwiadcze\u0144 pomocy spo\u0142ecznej, wynosi 308 z\u0142.<\/p>\n<p>Przy ustalaniu kryterium dochodowego uprawniaj\u0105cego do \u015bwiadcze\u0144 pieni\u0119\u017cnych pomocy spo\u0142ecznej brane s\u0105 pod uwag\u0119 dochody osoby zainteresowanej i jej rodziny z miesi\u0105ca poprzedzaj\u0105cego z\u0142o\u017cenie wniosku do o\u015brodka pomocy spo\u0142ecznej, lub w przypadku utraty dochodu z miesi\u0105ca, w kt\u00f3rym wniosek zosta\u0142 z\u0142o\u017cony.<\/p>\n<p>Prawo do \u015bwiadcze\u0144 pieni\u0119\u017cnych z pomocy spo\u0142ecznej przys\u0142uguje osobom i rodzinom w przypadku wyst\u0119powania jednej z powy\u017cszych okoliczno\u015bci, a kt\u00f3rych doch\u00f3d na osob\u0119 w rodzinie nie przekracza kryterium dochodowego, okre\u015blonego w art. 8 ust. 1 ustawy o pomocy spo\u0142ecznej:<\/p>\n<p>1) osobie samotnie gospodaruj\u0105cej, kt\u00f3rej doch\u00f3d nie przekracza kwoty 701 z\u0142, zwanej ?kryterium dochodowym osoby samotnie gospodaruj\u0105cej?<\/p>\n<p>2) osobie w rodzinie, w kt\u00f3rej doch\u00f3d na osob\u0119 nie przekracza kwoty 528 z\u0142, zwanej ?kryterium dochodowym na osob\u0119 w rodzinie?<\/p>\n<p>3) rodzinie, kt\u00f3rej doch\u00f3d nie przekracza sumy kwot kryterium dochodowego na osob\u0119 w rodzinie, zwanej ?kryterium dochodowym rodziny?<\/p>\n<p><strong>Do dochod\u00f3w nie wlicza si\u0119:<\/strong><\/p>\n<p>? aliment\u00f3w \u015bwiadczonych przez osoby w rodzinie na rzecz innych os\u00f3b<\/p>\n<p>? jednorazowych \u015bwiadcze\u0144 socjalnych<\/p>\n<p>? \u015bwiadcze\u0144 w naturze<\/p>\n<p>? \u015bwiadczenia pieni\u0119\u017cnego w postaci sk\u0142adki na ubezpieczenie spo\u0142eczne, op\u0142acanej przez o\u015brodki pomocy spo\u0142ecznej<\/p>\n<p>W razie wyst\u0105pienia ra\u017c\u0105cych dysproporcji mi\u0119dzy wysoko\u015bci\u0105 dochodu a rzeczywist\u0105 sytuacj\u0105 maj\u0105tkow\u0105 stwierdzon\u0105 przez pracownika socjalnego, kierownik o\u015brodka pomocy spo\u0142ecznej mo\u017ce odm\u00f3wi\u0107 przyznania \u015bwiadcze\u0144 z pomocy spo\u0142ecznej.<\/p>\n<p>Obowi\u0105zki os\u00f3b i rodzin ubiegaj\u0105cych si\u0119 o pomoc spo\u0142eczn\u0105 Osoby lub rodziny, korzystaj\u0105ce z pomocy spo\u0142ecznej, zobowi\u0105zane s\u0105 do wsp\u00f3\u0142pracy z pracownikiem socjalnym w rozwi\u0105zywaniu swojej trudnej sytuacji \u017cyciowej. Nieuzasadniona odmowa podj\u0119cia pracy przez osob\u0119 bezrobotn\u0105, marnotrawstwo przyznanych \u015bwiadcze\u0144, ich celowe niszczenie, b\u0105d\u017a te\u017c marnotrawstwo w\u0142asnych zasob\u00f3w materialnych, a tak\u017ce ich nieracjonalne wykorzystywanie mog\u0105 stanowi\u0107 podstaw\u0119 do odmowy przyznania \u015bwiadcze\u0144 z pomocy spo\u0142ecznej. R\u00f3wnie\u017c nie wywi\u0105zywanie si\u0119 z uzgodnie\u0144 zawartych w kontrakcie mo\u017ce spowodowa\u0107 ograniczenie lub odmow\u0119 przyznania \u015bwiadczenia.<\/p>\n<p>Osoby i rodziny, korzystaj\u0105ce ze \u015bwiadcze\u0144 pomocy spo\u0142ecznej, s\u0105 zobowi\u0105zane poinformowa\u0107 o ka\u017cdej zmianie w ich sytuacji osobistej i maj\u0105tkowej, kt\u00f3ra wi\u0105\u017ce si\u0119 z podstaw\u0105 do przyznania \u015bwiadcze\u0144. \u015awiadome wprowadzenie w b\u0142\u0105d pracownika socjalnego mo\u017ce spowodowa\u0107 zmian\u0119 decyzji na niekorzy\u015b\u0107 strony oraz naliczenie nienale\u017cnie pobranych \u015bwiadcze\u0144. \u015awiadczenia nienale\u017cnie pobrane podlegaj\u0105 zwrotowi, niezale\u017cnie od dochodu rodziny.<\/p>\n<p><strong>Tryb udzielania pomocy spo\u0142ecznej<\/strong><\/p>\n<p>Tryb dzia\u0142ania w sprawach pomocy spo\u0142ecznej okre\u015blaj\u0105 przepisy Kodeksu post\u0119powania administracyjnego i ustawy o pomocy spo\u0142ecznej. Kompletna obowi\u0105zuj\u0105ca procedura sk\u0142ada si\u0119 z nast\u0119puj\u0105cych etap\u00f3w :<\/p>\n<ol>\n<li>Zg\u0142oszenie wniosku o udzielenie pomocy ? osobiste, pisemne lub telefoniczne zg\u0142oszenie osoby ubiegaj\u0105cej si\u0119 o pomoc do pracownika socjalnego (zg\u0142oszenie mo\u017ce nast\u0105pi\u0107 z urz\u0119du lub mo\u017ce go dokona\u0107 przedstawiciel ustawowy lub inna osoba za zgod\u0105 ubiegaj\u0105cego si\u0119 o pomoc)<\/li>\n<li>Sporz\u0105dzenie wywiadu \u015brodowiskowego i planu pomocy: ? rozeznanie przez pracownika socjalnego sytuacji osobistej i rodzinnej osoby ubiegaj\u0105cej si\u0119 o pomoc spo\u0142eczn\u0105, tj. przeprowadzenie wywiadu \u015brodowiskowego w miejscu zamieszkania klienta ? wsp\u00f3lne (pracownik socjalny z osob\u0105 lub rodzin\u0105) opracowanie planu pomocy<\/li>\n<li>Sporz\u0105dzenie decyzji w formie pisemnej i dostarczenie jej adresatowi za zwrotnym potwierdzeniem odbioru<\/li>\n<li>Po uprawomocnieniu si\u0119 decyzji &#8211; realizacja przyznanych \u015bwiadcze\u0144<\/li>\n<\/ol>\n<p>Z\u0142o\u017cenie wniosku Post\u0119powanie w sprawie \u015bwiadcze\u0144 pomocy spo\u0142ecznej wszczynane jest na wniosek osoby zainteresowanej, b\u0105d\u017a innej osoby, za zgod\u0105 osoby zainteresowanej lub jej przedstawiciela ustawowego. O\u015brodek przyjmuje tak\u017ce wszelkie zg\u0142oszenia od os\u00f3b, instytucji i organizacji spo\u0142ecznych, dotycz\u0105ce konieczno\u015bci udzielania pomocy ka\u017cdej osobie lub rodzinie na terenie Gminy Nozdrzec, znajduj\u0105cej si\u0119 w trudnej sytuacji \u017cyciowej i niezdolnej do samodzielnego zaspokajania np. potrzeb bytowych. Pomoc spo\u0142eczna mo\u017ce by\u0107 udzielana r\u00f3wnie\u017c z urz\u0119du, za zgod\u0105 osoby zainteresowanej lub jej pe\u0142nomocnika.<\/p>\n<p><strong>Wywiad \u015brodowiskowy<\/strong><\/p>\n<p>Podstaw\u0105 udzielenia pomocy jest wywiad \u015brodowiskowy sporz\u0105dzony w miejscu zamieszkania osoby ubiegaj\u0105cej si\u0119 o pomoc, a w sprawach nie cierpi\u0105cych zw\u0142oki, w miejscu pobytu osoby ubiegaj\u0105cej si\u0119. Brak zgody na przeprowadzenie wywiadu jest r\u00f3wnoznaczny z rezygnacj\u0105 z pomocy spo\u0142ecznej.<\/p>\n<p>Celem wywiadu \u015brodowiskowego jest rozeznanie sytuacji bytowej, rodzinnej, zdrowotnej i mieszkaniowej osoby (rodziny) ubiegaj\u0105cej si\u0119 o pomoc. Osoby i rodziny korzystaj\u0105ce z pomocy spo\u0142ecznej s\u0105 zobowi\u0105zane do wsp\u00f3\u0142udzia\u0142u w rozwi\u0105zaniu ich trudnej sytuacji \u017cyciowej. Pracownik socjalny przeprowadza wywiad \u015brodowiskowy w ci\u0105gu 14 dni od daty wszcz\u0119cia post\u0119powania, a w sprawach pilnych w terminie 2 dni. Strona wyst\u0119puj\u0105ca o pomoc powinna zgromadzi\u0107 dokumenty stanowi\u0105ce podstaw\u0119 ustalenia jej danych personalnych, stanu zdrowia, sytuacji rodzinnej i materialnej. W trakcie przeprowadzania wywiadu \u015brodowiskowego, w porozumieniu z klientem ustalany jest plan pomocy. Ustalenia zostaj\u0105 zawarte w kontrakcie socjalnym. Potrzeby os\u00f3b i rodzin korzystaj\u0105cych z pomocy mog\u0105 zosta\u0107 uwzgl\u0119dnione, je\u017celi odpowiadaj\u0105 celom i mo\u017cliwo\u015bciom pomocy spo\u0142ecznej.<\/p>\n<p><strong>Kontrakt socjalny<\/strong><\/p>\n<p>Kontrakt socjalny to pisemna umowa zawarta z osob\u0105 ubiegaj\u0105c\u0105 si\u0119 o pomoc, okre\u015blaj\u0105ca uprawnienia i zobowi\u0105zania stron umowy (osoby zwracaj\u0105cej si\u0119 o pomoc, pracownika socjalnego oraz kierownika o\u015brodka).<\/p>\n<p>Zawarcie kontraktu socjalnego ma na celu okre\u015blenie sposobu wsp\u00f3\u0142dzia\u0142ania w rozwi\u0105zywaniu problem\u00f3w osoby lub rodziny, kt\u00f3ra znalaz\u0142a si\u0119 w trudnej sytuacji \u017cyciowej, z uwzgl\u0119dnieniem mo\u017cliwo\u015bci wykorzystania zasob\u00f3w \u015brodowiska lokalnego. Kontrakt zawiera opis sytuacji \u017cyciowej osoby lub rodziny oraz opis dzia\u0142a\u0144 koniecznych do podj\u0119cia przez ni\u0105, a tak\u017ce form\u0119, zakres i czas udzielanej przez O\u015brodek pomocy. W kontrakcie odnotowuje si\u0119 r\u00f3wnie\u017c wszystkie uwagi, dotycz\u0105ce realizacji kontraktu. Okres, na jaki zawierany jest kontrakt socjalny dostosowywany jest z jednej strony do sytuacji \u017cyciowej, w jakiej znajduje si\u0119 osoba zawieraj\u0105ca kontrakt, a z drugiej ? do form wsparcia, zaproponowanych przez O\u015brodek. Klient otrzymuje jeden egzemplarz kontraktu.<\/p>\n<p><strong>Wydanie decyzji<\/strong><\/p>\n<p>\u015awiadczenia z pomocy spo\u0142ecznej przyznawane s\u0105 w formie decyzji. Wszystkie decyzje o przyznaniu pomocy, a zw\u0142aszcza decyzje o odmowie przyznania pomocy, wydawane s\u0105 w formie pisemnej. Wyj\u0105tek stanowi\u0105 \u015bwiadczenia w postaci pracy socjalnej, poradnictwa, itp. ? tu pomoc udzielana jest bez konieczno\u015bci wydawania decyzji. Stronom przys\u0142uguje odwo\u0142anie od decyzji Gminnego O\u015brodka Pomocy Spo\u0142ecznej.<\/p>\n<p><strong>Realizacja \u015bwiadcze\u0144<\/strong><\/p>\n<p>Realizacja \u015bwiadcze\u0144 pieni\u0119\u017cnych odbywa si\u0119 w formie wyp\u0142at w kasie Urz\u0119du Gminy Nozdrzec wnioskodawcy, w terminach okre\u015blonych w decyzji lub w formie przekaz\u00f3w pocztowych b\u0105d\u017a przelew\u00f3w na konto osobiste.<\/p>\n<p><strong>Wymagane dokumenty<\/strong><\/p>\n<p>Osoby i rodziny ubiegaj\u0105ce si\u0119 o pomoc z Gminnego O\u015brodka Pomocy Spo\u0142ecznej s\u0105 zobowi\u0105zane do udokumentowania swojej trudnej sytuacji spo\u0142eczno- bytowej. Wi\u0105\u017ce si\u0119 to z konieczno\u015bci\u0105 dostarczenia przez osoby ubiegaj\u0105ce si\u0119 o pomoc szeregu r\u00f3\u017cnorodnych za\u015bwiadcze\u0144, o\u015bwiadcze\u0144 itp. Szczeg\u00f3\u0142owych informacji w ka\u017cdym indywidualnym przypadku udziela w\u0142a\u015bciwy pracownik socjalny w trakcie zg\u0142aszania si\u0119 o pomoc lub w trakcie przeprowadzania wywiadu \u015brodowiskowego. W przypadku niemo\u017cno\u015bci dostarczenia danego dokumentu przez klienta, pracownik socjalny ma prawo i obowi\u0105zek do\u0142o\u017cy\u0107 stara\u0144 do jego zdobycia. Wywiad \u015brodowiskowy, dokumenty wymagane przy przyznaniu pomocy spo\u0142ecznej i decyzje administracyjne, na podstawie kt\u00f3rych nast\u0119puje realizacja zaplanowanych \u015bwiadcze\u0144, a tak\u017ce inne pisma przychodz\u0105ce i wychodz\u0105ce z o\u015brodka, dotycz\u0105ce danej osoby (rodziny), przechowuje o\u015brodek i stanowi\u0105 one dokumentacj\u0119 klienta od pocz\u0105tku jego korzystania z pomocy spo\u0142ecznej.<\/p>\n<p><strong>Odwo\u0142ania od decyzji GOPS<\/strong><\/p>\n<p>Stronom przys\u0142uguje prawo odwo\u0142ania od decyzji GOPS-u w ci\u0105gu 14 dni od daty jej otrzymania. Odwo\u0142anie wnosi si\u0119 na pi\u015bmie przez GOPS. Odwo\u0142ania nale\u017cy kierowa\u0107 do Samorz\u0105dowego Kolegium Odwo\u0142awczego w Kro\u015bnie.<\/p>\n","protected":false},"excerpt":{"rendered":"<p>Do g\u0142\u00f3wnych zada\u0144 realizowanych przez o\u015brodek pomocy spo\u0142ecznej nale\u017cy: ? przyznawanie i wyp\u0142ata zasi\u0142k\u00f3w sta\u0142ych ? przyznawanie i wyp\u0142acanie zasi\u0142k\u00f3w okresowych ? op\u0142acanie sk\u0142adek na&hellip;<\/p>\n","protected":false},"author":1,"featured_media":0,"parent":0,"menu_order":0,"comment_status":"closed","ping_status":"closed","template":"","meta":{"footnotes":""},"class_list":["post-13","page","type-page","status-publish","hentry"],"_links":{"self":[{"href":"https:\/\/gops.nozdrzec.pl\/index.php?rest_route=\/wp\/v2\/pages\/13","targetHints":{"allow":["GET"]}}],"collection":[{"href":"https:\/\/gops.nozdrzec.pl\/index.php?rest_route=\/wp\/v2\/pages"}],"about":[{"href":"https:\/\/gops.nozdrzec.pl\/index.php?rest_route=\/wp\/v2\/types\/page"}],"author":[{"embeddable":true,"href":"https:\/\/gops.nozdrzec.pl\/index.php?rest_route=\/wp\/v2\/users\/1"}],"replies":[{"embeddable":true,"href":"https:\/\/gops.nozdrzec.pl\/index.php?rest_route=%2Fwp%2Fv2%2Fcomments&post=13"}],"version-history":[{"count":6,"href":"https:\/\/gops.nozdrzec.pl\/index.php?rest_route=\/wp\/v2\/pages\/13\/revisions"}],"predecessor-version":[{"id":430,"href":"https:\/\/gops.nozdrzec.pl\/index.php?rest_route=\/wp\/v2\/pages\/13\/revisions\/430"}],"wp:attachment":[{"href":"https:\/\/gops.nozdrzec.pl\/index.php?rest_route=%2Fwp%2Fv2%2Fmedia&parent=13"}],"curies":[{"name":"wp","href":"https:\/\/api.w.org\/{rel}","templated":true}]}}